{"id":12124,"date":"2025-01-30T12:30:36","date_gmt":"2025-01-30T11:30:36","guid":{"rendered":"https:\/\/camping-angouleme.fr\/?page_id=12124"},"modified":"2025-01-30T12:30:36","modified_gmt":"2025-01-30T11:30:36","slug":"informationen-und-kontakt","status":"publish","type":"page","link":"http:\/\/camping-angouleme.fr\/de\/informationen-und-kontakt\/","title":{"rendered":"Informationen und Kontakt"},"content":{"rendered":"\n<div class=\"wp-block-group is-layout-constrained wp-container-core-group-is-layout-bbbb44a5 wp-block-group-is-layout-constrained\" style=\"padding-top:var(--wp--preset--spacing--60);padding-right:var(--wp--preset--spacing--60);padding-bottom:var(--wp--preset--spacing--60);padding-left:var(--wp--preset--spacing--60)\">\n<h1 class=\"wp-block-heading has-text-align-center has-link-color-color has-text-color\" style=\"margin-top:var(--wp--preset--spacing--60);margin-right:var(--wp--preset--spacing--60);margin-bottom:var(--wp--preset--spacing--60);margin-left:var(--wp--preset--spacing--60);padding-top:var(--wp--preset--spacing--60);padding-right:var(--wp--preset--spacing--60);padding-bottom:var(--wp--preset--spacing--60);padding-left:var(--wp--preset--spacing--60)\">Kontakt und Wegbeschreibung<\/h1>\n\n\n\n<div class=\"wp-block-columns is-layout-flex wp-container-core-columns-is-layout-28f84493 wp-block-columns-is-layout-flex\">\n<div class=\"wp-block-column is-vertically-aligned-top is-layout-flow wp-block-column-is-layout-flow\">\n<h2 class=\"wp-block-heading\">Kontaktieren Sie uns <\/h2>\n\n\n\n<p>Wir freuen uns immer, Sie auf dem <a href=\"https:\/\/camping-angouleme.fr\/de\/\">Campingplatz Bel Air Village du Plan d&#8217;Eau <\/a> begr\u00fc\u00dfen zu d\u00fcrfen. Wenn Sie eine Frage haben, einen Rat brauchen oder uns einfach nur Ihr Feedback mitteilen m\u00f6chten, z\u00f6gern Sie nicht, uns zu kontaktieren. <\/p>\n\n\n\n<p>Sie k\u00f6nnen uns \u00fcber unser <strong>Kontaktformular<\/strong> oder <strong>telefonisch unter +33 (0) 5 45 92 14 64<\/strong> erreichen. <\/p>\n\n\n\n<p>Wir werden Ihnen eine schnelle und auf Ihre Bed\u00fcrfnisse zugeschnittene Antwort geben. Ihre Zufriedenheit ist unsere Priorit\u00e4t und wir sind da, um Ihnen bei der Vorbereitung Ihres Aufenthaltes zu helfen.<\/p>\n<\/div>\n\n\n\n<div class=\"wp-block-column is-layout-flow wp-block-column-is-layout-flow\">\n<div class=\"wp-block-contact-form-7-contact-form-selector formulaire-contact\">\n<div class=\"wpcf7 no-js\" id=\"wpcf7-f10078-o1\" lang=\"de-DE\" dir=\"ltr\" data-wpcf7-id=\"10078\">\n<div class=\"screen-reader-response\"><p role=\"status\" aria-live=\"polite\" aria-atomic=\"true\"><\/p> <ul><\/ul><\/div>\n<form action=\"\/de\/wp-json\/wp\/v2\/pages\/12124#wpcf7-f10078-o1\" method=\"post\" class=\"wpcf7-form init\" id=\"formulaire-contact\" aria-label=\"Kontaktformular\" novalidate=\"novalidate\" data-status=\"init\">\n<div style=\"display: none;\">\n<input type=\"hidden\" name=\"_wpcf7\" value=\"10078\" \/>\n<input type=\"hidden\" name=\"_wpcf7_version\" value=\"6.0.6\" \/>\n<input type=\"hidden\" name=\"_wpcf7_locale\" value=\"de_DE\" \/>\n<input type=\"hidden\" name=\"_wpcf7_unit_tag\" value=\"wpcf7-f10078-o1\" \/>\n<input type=\"hidden\" name=\"_wpcf7_container_post\" value=\"0\" \/>\n<input type=\"hidden\" name=\"_wpcf7_posted_data_hash\" value=\"\" \/>\n<input type=\"hidden\" name=\"_wpcf7_recaptcha_response\" value=\"\" \/>\n<\/div>\n<p><label> Ihr Name<br \/>\n<span class=\"wpcf7-form-control-wrap\" data-name=\"your-name\"><input size=\"40\" maxlength=\"400\" class=\"wpcf7-form-control wpcf7-text wpcf7-validates-as-required\" autocomplete=\"name\" aria-required=\"true\" aria-invalid=\"false\" value=\"\" type=\"text\" name=\"your-name\" \/><\/span> <\/label>\n<\/p>\n<p><label> Ihre E-Mail-Adresse<br \/>\n<span class=\"wpcf7-form-control-wrap\" data-name=\"your-email\"><input size=\"40\" maxlength=\"400\" class=\"wpcf7-form-control wpcf7-email wpcf7-validates-as-required wpcf7-text wpcf7-validates-as-email\" autocomplete=\"email\" aria-required=\"true\" aria-invalid=\"false\" value=\"\" type=\"email\" name=\"your-email\" \/><\/span> <\/label>\n<\/p>\n<p><label> Betreff<br \/>\n<span class=\"wpcf7-form-control-wrap\" data-name=\"your-subject\"><input size=\"40\" maxlength=\"400\" class=\"wpcf7-form-control wpcf7-text wpcf7-validates-as-required\" aria-required=\"true\" aria-invalid=\"false\" value=\"\" type=\"text\" name=\"your-subject\" \/><\/span> <\/label>\n<\/p>\n<p><label> Ihre Nachricht<br \/>\n<span class=\"wpcf7-form-control-wrap\" data-name=\"your-message\"><textarea cols=\"40\" rows=\"10\" maxlength=\"2000\" class=\"wpcf7-form-control wpcf7-textarea wpcf7-validates-as-required\" aria-required=\"true\" aria-invalid=\"false\" name=\"your-message\"><\/textarea><\/span> <\/label>\n<\/p>\n<p><span class=\"wpcf7-form-control-wrap\" data-name=\"acceptance-553\"><span class=\"wpcf7-form-control wpcf7-acceptance\"><span class=\"wpcf7-list-item\"><label><input type=\"checkbox\" name=\"acceptance-553\" value=\"1\" aria-invalid=\"false\" \/><span class=\"wpcf7-list-item-label\">Indem ich dieses K\u00e4stchen anklicke, akzeptiere ich die <a href=\"\/de\/datenschutzerklaerung\/\" rel=\"nofollow\" target=\"_blank\">Datenschutzbestimmungen<\/a> dieser Website.<\/span><\/label><\/span><\/span><\/span>\n<\/p>\n<p><input class=\"wpcf7-form-control wpcf7-submit has-spinner\" type=\"submit\" value=\"Senden\" \/>\n<\/p><div class=\"wpcf7-response-output\" aria-hidden=\"true\"><\/div>\n<\/form>\n<\/div>\n<\/div>\n<\/div>\n<\/div>\n\n\n\n<div class=\"wp-block-columns is-layout-flex wp-container-core-columns-is-layout-701c2d95 wp-block-columns-is-layout-flex\" style=\"padding-top:var(--wp--preset--spacing--80);padding-bottom:var(--wp--preset--spacing--80)\">\n<div class=\"wp-block-column is-vertically-aligned-center is-layout-flow wp-block-column-is-layout-flow\">\n\n<\/div>\n\n\n\n<div class=\"wp-block-column is-vertically-aligned-center is-layout-flow wp-block-column-is-layout-flow\">\n<h2 class=\"wp-block-heading\">Anreise zum Campingplatz Bel Air Village<\/h2>\n\n\n\n<p>Es ist einfach, den Weg zu unserer Oase der Ruhe zu finden. Sie finden uns in <strong>1 rue du camping, 16710 Saint-Yrieix-sur-Charente<\/strong>. <br \/><strong>GPS-Koordinaten: <\/strong>45.691606634756965, 0.14523451242929142 zur leichteren Orientierung.<\/p>\n<\/div>\n<\/div>\n\n\n\n<div class=\"wp-block-columns is-layout-flex wp-container-core-columns-is-layout-451c4958 wp-block-columns-is-layout-flex\" style=\"padding-top:var(--wp--preset--spacing--80);padding-bottom:0\">\n<div class=\"wp-block-column is-vertically-aligned-top is-layout-flow wp-block-column-is-layout-flow\">\n<p><\/p>\n<\/div>\n\n\n\n<div class=\"wp-block-column is-layout-flow wp-block-column-is-layout-flow\">\n<figure class=\"wp-block-image size-large\"><a href=\"https:\/\/camping-angouleme.fr\/wp-content\/uploads\/sites\/69\/2024\/02\/emplacements-tente-camping-Bel-Air-Plan-dEau-Charente-1024x768.webp\"><img decoding=\"async\" width=\"1024\" height=\"768\" sizes=\"(max-width: min(calc(100% - 15vw), 1024px)) 100vw, min(calc(100% - 15vw), 1024px)\" src=\"https:\/\/camping-angouleme.fr\/wp-content\/uploads\/sites\/69\/2024\/02\/emplacements-tente-camping-Bel-Air-Plan-dEau-Charente-1024x768.webp\" alt=\"Zeltpl&#xE4;tze Campingplatz Bel Air Plan dEau Charente\" class=\"wp-image-8482\" srcset=\"http:\/\/camping-angouleme.fr\/wp-content\/uploads\/sites\/69\/2024\/02\/emplacements-tente-camping-Bel-Air-Plan-dEau-Charente-1024x768.webp 1024w, http:\/\/camping-angouleme.fr\/wp-content\/uploads\/sites\/69\/2024\/02\/emplacements-tente-camping-Bel-Air-Plan-dEau-Charente-300x225.webp 300w, http:\/\/camping-angouleme.fr\/wp-content\/uploads\/sites\/69\/2024\/02\/emplacements-tente-camping-Bel-Air-Plan-dEau-Charente-768x576.webp 768w, http:\/\/camping-angouleme.fr\/wp-content\/uploads\/sites\/69\/2024\/02\/emplacements-tente-camping-Bel-Air-Plan-dEau-Charente-1536x1152.webp 1536w, http:\/\/camping-angouleme.fr\/wp-content\/uploads\/sites\/69\/2024\/02\/emplacements-tente-camping-Bel-Air-Plan-dEau-Charente.webp 2000w\" \/><\/a><\/figure>\n<\/div>\n<\/div>\n<\/div>\n\n<div class=\"wp-block-group overflow-visible has-border-color has-white-border-color has-background is-layout-constrained wp-container-core-group-is-layout-f2c9dc2d wp-block-group-is-layout-constrained\" style=\"background:linear-gradient(174deg,rgb(255,255,255) 29%,rgb(222,232,222) 29%);margin-top:0rem;margin-bottom:0;padding-top:var(--wp--preset--spacing--80);padding-bottom:var(--wp--preset--spacing--80)\">\n<h2 class=\"wp-block-heading has-text-align-center\">Entdecken Sie unsere Dienstleistungen, unsere Unterk\u00fcnfte und unsere Stellpl\u00e4tze:<\/h2>\n\n\n\n<div class=\"wp-block-group animated fadeInUp delay-100ms slow is-content-justification-center is-layout-constrained wp-container-core-group-is-layout-1557714b wp-block-group-is-layout-constrained\">\n<hr class=\"wp-block-separator has-text-color has-link-color-color has-alpha-channel-opacity has-link-color-background-color has-background animated fadeInUp delay-200ms\" \/>\n<\/div>\n\n\n\r\n<div \r\n     \r\n    class=\"gt-maillage-block animated fadeInUp delay-100ms slow\" \r\n    style=\"\"\r\n>\r\n\r\n    \r\n        \r\n        <article \r\n    class=\"gt-cta gt-cta--page\" \r\n    style=\"aspect-ratio:1\/1\"\r\n>\r\n    <a href=\"http:\/\/camping-angouleme.fr\/de\/familien-campingplatz-saint-yrieix-sur-charente\/\" title=\"Dienste\" class=\"gt-cta__link\">\r\n        <div class=\"gt-cta__thumb\">\r\n                            <img decoding=\"async\" width=\"1920\" height=\"736\" src=\"http:\/\/camping-angouleme.fr\/wp-content\/uploads\/sites\/69\/2024\/03\/famille-riviere-nature-chien-e1710932679846.webp\" class=\"attachment-full size-full wp-post-image\" alt=\"famille riviere nature chien\" srcset=\"http:\/\/camping-angouleme.fr\/wp-content\/uploads\/sites\/69\/2024\/03\/famille-riviere-nature-chien-e1710932679846.webp 1920w, http:\/\/camping-angouleme.fr\/wp-content\/uploads\/sites\/69\/2024\/03\/famille-riviere-nature-chien-e1710932679846-300x115.webp 300w, http:\/\/camping-angouleme.fr\/wp-content\/uploads\/sites\/69\/2024\/03\/famille-riviere-nature-chien-e1710932679846-1024x393.webp 1024w, http:\/\/camping-angouleme.fr\/wp-content\/uploads\/sites\/69\/2024\/03\/famille-riviere-nature-chien-e1710932679846-768x294.webp 768w, http:\/\/camping-angouleme.fr\/wp-content\/uploads\/sites\/69\/2024\/03\/famille-riviere-nature-chien-e1710932679846-1536x589.webp 1536w\" sizes=\"(max-width: 1920px) 100vw, 1920px\" \/>                    <\/div>\r\n        <div class=\"gt-cta__content\">\r\n            <div class=\"gt-cta__title\">\r\n                Dienste            <\/div>\r\n        <\/div>\r\n    <\/a>\r\n<\/article>\r\n    \r\n        <article \r\n    class=\"gt-cta gt-cta--page\" \r\n    style=\"aspect-ratio:1\/1\"\r\n>\r\n    <a href=\"http:\/\/camping-angouleme.fr\/de\/mobil-home-vermietung-saint-yrieix-sur-charente\/\" title=\"Unsere Unterk\u00fcnfte\" class=\"gt-cta__link\">\r\n        <div class=\"gt-cta__thumb\">\r\n                            <img decoding=\"async\" width=\"1600\" height=\"900\" src=\"http:\/\/camping-angouleme.fr\/wp-content\/uploads\/sites\/69\/2024\/02\/terasse-mobile-home.jpeg\" class=\"attachment-full size-full wp-post-image\" alt=\"Terasse Mobilheim\" srcset=\"http:\/\/camping-angouleme.fr\/wp-content\/uploads\/sites\/69\/2024\/02\/terasse-mobile-home.jpeg 1600w, http:\/\/camping-angouleme.fr\/wp-content\/uploads\/sites\/69\/2024\/02\/terasse-mobile-home-300x169.jpeg 300w, http:\/\/camping-angouleme.fr\/wp-content\/uploads\/sites\/69\/2024\/02\/terasse-mobile-home-1024x576.jpeg 1024w, http:\/\/camping-angouleme.fr\/wp-content\/uploads\/sites\/69\/2024\/02\/terasse-mobile-home-768x432.jpeg 768w, http:\/\/camping-angouleme.fr\/wp-content\/uploads\/sites\/69\/2024\/02\/terasse-mobile-home-1536x864.jpeg 1536w\" sizes=\"(max-width: 1600px) 100vw, 1600px\" \/>                    <\/div>\r\n        <div class=\"gt-cta__content\">\r\n            <div class=\"gt-cta__title\">\r\n                Unsere Unterk\u00fcnfte            <\/div>\r\n        <\/div>\r\n    <\/a>\r\n<\/article>\r\n    \r\n        <article \r\n    class=\"gt-cta gt-cta--page\" \r\n    style=\"aspect-ratio:1\/1\"\r\n>\r\n    <a href=\"http:\/\/camping-angouleme.fr\/de\/vermietung-unterkunft-saint-yrieix-sur-charente\/\" title=\"Unsere Stellpl\u00e4tze\" class=\"gt-cta__link\">\r\n        <div class=\"gt-cta__thumb\">\r\n                            <img decoding=\"async\" width=\"2048\" height=\"1365\" src=\"http:\/\/camping-angouleme.fr\/wp-content\/uploads\/sites\/69\/2024\/03\/vu-aerienne-camping-BAV-Le-Plan-dEau-Charente.webp\" class=\"attachment-full size-full wp-post-image\" alt=\"Luftaufnahme Campingplatz BAV Le Plan dEau Charente\" srcset=\"http:\/\/camping-angouleme.fr\/wp-content\/uploads\/sites\/69\/2024\/03\/vu-aerienne-camping-BAV-Le-Plan-dEau-Charente.webp 2048w, http:\/\/camping-angouleme.fr\/wp-content\/uploads\/sites\/69\/2024\/03\/vu-aerienne-camping-BAV-Le-Plan-dEau-Charente-300x200.webp 300w, http:\/\/camping-angouleme.fr\/wp-content\/uploads\/sites\/69\/2024\/03\/vu-aerienne-camping-BAV-Le-Plan-dEau-Charente-1024x683.webp 1024w, http:\/\/camping-angouleme.fr\/wp-content\/uploads\/sites\/69\/2024\/03\/vu-aerienne-camping-BAV-Le-Plan-dEau-Charente-768x512.webp 768w, http:\/\/camping-angouleme.fr\/wp-content\/uploads\/sites\/69\/2024\/03\/vu-aerienne-camping-BAV-Le-Plan-dEau-Charente-1536x1024.webp 1536w\" sizes=\"(max-width: 2048px) 100vw, 2048px\" \/>                    <\/div>\r\n        <div class=\"gt-cta__content\">\r\n            <div class=\"gt-cta__title\">\r\n                Unsere Stellpl\u00e4tze            <\/div>\r\n        <\/div>\r\n    <\/a>\r\n<\/article>\r\n            \r\n<\/div><\/div>\n","protected":false},"excerpt":{"rendered":"<p>Kontakt und Wegbeschreibung Kontaktieren Sie uns Wir freuen uns immer, Sie auf dem Campingplatz Bel Air Village du Plan d&#8217;Eau begr\u00fc\u00dfen zu d\u00fcrfen. Wenn Sie eine Frage haben, einen Rat brauchen oder uns einfach nur Ihr Feedback mitteilen m\u00f6chten, z\u00f6gern Sie nicht, uns zu kontaktieren. Sie k\u00f6nnen uns \u00fcber unser Kontaktformular oder telefonisch unter +33 [&hellip;]<\/p>\n","protected":false},"author":5,"featured_media":9887,"parent":0,"menu_order":28,"comment_status":"closed","ping_status":"closed","template":"","meta":{"_acf_changed":false,"footnotes":""},"class_list":["post-12124","page","type-page","status-publish","has-post-thumbnail","hentry"],"acf":[],"yoast_head":"<!-- This site is optimized with the Yoast SEO plugin v24.8.1 - https:\/\/yoast.com\/wordpress\/plugins\/seo\/ -->\n<title>Kontakt, Anfahrt Camping du Plan d&#039;Eau de St Yrieix sur Charente<\/title>\n<meta name=\"description\" content=\"Haben Sie eine Frage? Z\u00f6gern Sie nicht, uns direkt auf dem Camping du plan d&#039;eau in St Yrieix sur Charente in der N\u00e4he von Angoul\u00eame zu kontaktieren.\" \/>\n<meta name=\"robots\" content=\"index, follow, max-snippet:-1, max-image-preview:large, max-video-preview:-1\" \/>\n<link rel=\"canonical\" href=\"http:\/\/camping-angouleme.fr\/de\/informationen-und-kontakt\/\" \/>\n<meta property=\"og:locale\" content=\"de_DE\" \/>\n<meta property=\"og:type\" content=\"article\" \/>\n<meta property=\"og:title\" content=\"Kontakt, Anfahrt Camping du Plan d&#039;Eau de St Yrieix sur Charente\" \/>\n<meta property=\"og:description\" content=\"Haben Sie eine Frage? Z\u00f6gern Sie nicht, uns direkt auf dem Camping du plan d&#039;eau in St Yrieix sur Charente in der N\u00e4he von Angoul\u00eame zu kontaktieren.\" \/>\n<meta property=\"og:url\" content=\"http:\/\/camping-angouleme.fr\/de\/informationen-und-kontakt\/\" \/>\n<meta property=\"og:site_name\" content=\"Camping Bel Air Village Le Plan d Eau - Site Officiel - Meilleur Prix Garanti\" \/>\n<meta property=\"og:image\" content=\"http:\/\/camping-angouleme.fr\/wp-content\/uploads\/sites\/69\/2024\/03\/contacter.webp\" \/>\n\t<meta property=\"og:image:width\" content=\"1920\" \/>\n\t<meta property=\"og:image:height\" content=\"1143\" \/>\n\t<meta property=\"og:image:type\" content=\"image\/webp\" \/>\n<meta name=\"twitter:card\" content=\"summary_large_image\" \/>\n<meta name=\"twitter:label1\" content=\"Gesch\u00e4tzte Lesezeit\" \/>\n\t<meta name=\"twitter:data1\" content=\"1\u00a0Minute\" \/>\n<script type=\"application\/ld+json\" class=\"yoast-schema-graph\">{\"@context\":\"https:\/\/schema.org\",\"@graph\":[{\"@type\":\"WebPage\",\"@id\":\"http:\/\/camping-angouleme.fr\/de\/informationen-und-kontakt\/\",\"url\":\"http:\/\/camping-angouleme.fr\/de\/informationen-und-kontakt\/\",\"name\":\"Kontakt, Anfahrt Camping du Plan d'Eau de St Yrieix sur Charente\",\"isPartOf\":{\"@id\":\"http:\/\/camping-angouleme.fr\/de\/#website\"},\"primaryImageOfPage\":{\"@id\":\"http:\/\/camping-angouleme.fr\/de\/informationen-und-kontakt\/#primaryimage\"},\"image\":{\"@id\":\"http:\/\/camping-angouleme.fr\/de\/informationen-und-kontakt\/#primaryimage\"},\"thumbnailUrl\":\"http:\/\/camping-angouleme.fr\/wp-content\/uploads\/sites\/69\/2024\/03\/contacter.webp\",\"datePublished\":\"2025-01-30T11:30:36+00:00\",\"description\":\"Haben Sie eine Frage? Z\u00f6gern Sie nicht, uns direkt auf dem Camping du plan d'eau in St Yrieix sur Charente in der N\u00e4he von Angoul\u00eame zu kontaktieren.\",\"breadcrumb\":{\"@id\":\"http:\/\/camping-angouleme.fr\/de\/informationen-und-kontakt\/#breadcrumb\"},\"inLanguage\":\"de\",\"potentialAction\":[{\"@type\":\"ReadAction\",\"target\":[\"http:\/\/camping-angouleme.fr\/de\/informationen-und-kontakt\/\"]}]},{\"@type\":\"ImageObject\",\"inLanguage\":\"de\",\"@id\":\"http:\/\/camping-angouleme.fr\/de\/informationen-und-kontakt\/#primaryimage\",\"url\":\"http:\/\/camping-angouleme.fr\/wp-content\/uploads\/sites\/69\/2024\/03\/contacter.webp\",\"contentUrl\":\"http:\/\/camping-angouleme.fr\/wp-content\/uploads\/sites\/69\/2024\/03\/contacter.webp\",\"width\":1920,\"height\":1143,\"caption\":\"kontaktieren Sie\"},{\"@type\":\"BreadcrumbList\",\"@id\":\"http:\/\/camping-angouleme.fr\/de\/informationen-und-kontakt\/#breadcrumb\",\"itemListElement\":[{\"@type\":\"ListItem\",\"position\":1,\"name\":\"Camping du plan d'eau\",\"item\":\"https:\/\/camping-angouleme.fr\/de\/\"},{\"@type\":\"ListItem\",\"position\":2,\"name\":\"Kontakt, Wegbeschreibung\"}]},{\"@type\":\"WebSite\",\"@id\":\"http:\/\/camping-angouleme.fr\/de\/#website\",\"url\":\"http:\/\/camping-angouleme.fr\/de\/\",\"name\":\"Camping Bel Air Village Le Plan d Eau - Site Officiel - Meilleur Prix Garanti\",\"description\":\"\",\"publisher\":{\"@id\":\"http:\/\/camping-angouleme.fr\/de\/#organization\"},\"potentialAction\":[{\"@type\":\"SearchAction\",\"target\":{\"@type\":\"EntryPoint\",\"urlTemplate\":\"http:\/\/camping-angouleme.fr\/de\/?s={search_term_string}\"},\"query-input\":{\"@type\":\"PropertyValueSpecification\",\"valueRequired\":true,\"valueName\":\"search_term_string\"}}],\"inLanguage\":\"de\"},{\"@type\":\"Organization\",\"@id\":\"http:\/\/camping-angouleme.fr\/de\/#organization\",\"name\":\"Camping Bel Air Village Le Plan d Eau - Site Officiel - Meilleur Prix Garanti\",\"url\":\"http:\/\/camping-angouleme.fr\/de\/\",\"logo\":{\"@type\":\"ImageObject\",\"inLanguage\":\"de\",\"@id\":\"http:\/\/camping-angouleme.fr\/de\/#\/schema\/logo\/image\/\",\"url\":\"http:\/\/camping-angouleme.fr\/wp-content\/uploads\/sites\/69\/2024\/03\/LOGO-BEL-AIR-VILLAGE-LE-PLAN-DEAU.png\",\"contentUrl\":\"http:\/\/camping-angouleme.fr\/wp-content\/uploads\/sites\/69\/2024\/03\/LOGO-BEL-AIR-VILLAGE-LE-PLAN-DEAU.png\",\"width\":2048,\"height\":847,\"caption\":\"Camping Bel Air Village Le Plan d Eau - Site Officiel - Meilleur Prix Garanti\"},\"image\":{\"@id\":\"http:\/\/camping-angouleme.fr\/de\/#\/schema\/logo\/image\/\"}}]}<\/script>\n<!-- \/ Yoast SEO plugin. -->","yoast_head_json":{"title":"Kontakt, Anfahrt Camping du Plan d'Eau de St Yrieix sur Charente","description":"Haben Sie eine Frage? Z\u00f6gern Sie nicht, uns direkt auf dem Camping du plan d'eau in St Yrieix sur Charente in der N\u00e4he von Angoul\u00eame zu kontaktieren.","robots":{"index":"index","follow":"follow","max-snippet":"max-snippet:-1","max-image-preview":"max-image-preview:large","max-video-preview":"max-video-preview:-1"},"canonical":"http:\/\/camping-angouleme.fr\/de\/informationen-und-kontakt\/","og_locale":"de_DE","og_type":"article","og_title":"Kontakt, Anfahrt Camping du Plan d'Eau de St Yrieix sur Charente","og_description":"Haben Sie eine Frage? Z\u00f6gern Sie nicht, uns direkt auf dem Camping du plan d'eau in St Yrieix sur Charente in der N\u00e4he von Angoul\u00eame zu kontaktieren.","og_url":"http:\/\/camping-angouleme.fr\/de\/informationen-und-kontakt\/","og_site_name":"Camping Bel Air Village Le Plan d Eau - Site Officiel - Meilleur Prix Garanti","og_image":[{"width":1920,"height":1143,"url":"http:\/\/camping-angouleme.fr\/wp-content\/uploads\/sites\/69\/2024\/03\/contacter.webp","type":"image\/webp"}],"twitter_card":"summary_large_image","twitter_misc":{"Gesch\u00e4tzte Lesezeit":"1\u00a0Minute"},"schema":{"@context":"https:\/\/schema.org","@graph":[{"@type":"WebPage","@id":"http:\/\/camping-angouleme.fr\/de\/informationen-und-kontakt\/","url":"http:\/\/camping-angouleme.fr\/de\/informationen-und-kontakt\/","name":"Kontakt, Anfahrt Camping du Plan d'Eau de St Yrieix sur Charente","isPartOf":{"@id":"http:\/\/camping-angouleme.fr\/de\/#website"},"primaryImageOfPage":{"@id":"http:\/\/camping-angouleme.fr\/de\/informationen-und-kontakt\/#primaryimage"},"image":{"@id":"http:\/\/camping-angouleme.fr\/de\/informationen-und-kontakt\/#primaryimage"},"thumbnailUrl":"http:\/\/camping-angouleme.fr\/wp-content\/uploads\/sites\/69\/2024\/03\/contacter.webp","datePublished":"2025-01-30T11:30:36+00:00","description":"Haben Sie eine Frage? Z\u00f6gern Sie nicht, uns direkt auf dem Camping du plan d'eau in St Yrieix sur Charente in der N\u00e4he von Angoul\u00eame zu kontaktieren.","breadcrumb":{"@id":"http:\/\/camping-angouleme.fr\/de\/informationen-und-kontakt\/#breadcrumb"},"inLanguage":"de","potentialAction":[{"@type":"ReadAction","target":["http:\/\/camping-angouleme.fr\/de\/informationen-und-kontakt\/"]}]},{"@type":"ImageObject","inLanguage":"de","@id":"http:\/\/camping-angouleme.fr\/de\/informationen-und-kontakt\/#primaryimage","url":"http:\/\/camping-angouleme.fr\/wp-content\/uploads\/sites\/69\/2024\/03\/contacter.webp","contentUrl":"http:\/\/camping-angouleme.fr\/wp-content\/uploads\/sites\/69\/2024\/03\/contacter.webp","width":1920,"height":1143,"caption":"kontaktieren Sie"},{"@type":"BreadcrumbList","@id":"http:\/\/camping-angouleme.fr\/de\/informationen-und-kontakt\/#breadcrumb","itemListElement":[{"@type":"ListItem","position":1,"name":"Camping du plan d'eau","item":"https:\/\/camping-angouleme.fr\/de\/"},{"@type":"ListItem","position":2,"name":"Kontakt, Wegbeschreibung"}]},{"@type":"WebSite","@id":"http:\/\/camping-angouleme.fr\/de\/#website","url":"http:\/\/camping-angouleme.fr\/de\/","name":"Camping Bel Air Village Le Plan d Eau - Site Officiel - Meilleur Prix Garanti","description":"","publisher":{"@id":"http:\/\/camping-angouleme.fr\/de\/#organization"},"potentialAction":[{"@type":"SearchAction","target":{"@type":"EntryPoint","urlTemplate":"http:\/\/camping-angouleme.fr\/de\/?s={search_term_string}"},"query-input":{"@type":"PropertyValueSpecification","valueRequired":true,"valueName":"search_term_string"}}],"inLanguage":"de"},{"@type":"Organization","@id":"http:\/\/camping-angouleme.fr\/de\/#organization","name":"Camping Bel Air Village Le Plan d Eau - Site Officiel - Meilleur Prix Garanti","url":"http:\/\/camping-angouleme.fr\/de\/","logo":{"@type":"ImageObject","inLanguage":"de","@id":"http:\/\/camping-angouleme.fr\/de\/#\/schema\/logo\/image\/","url":"http:\/\/camping-angouleme.fr\/wp-content\/uploads\/sites\/69\/2024\/03\/LOGO-BEL-AIR-VILLAGE-LE-PLAN-DEAU.png","contentUrl":"http:\/\/camping-angouleme.fr\/wp-content\/uploads\/sites\/69\/2024\/03\/LOGO-BEL-AIR-VILLAGE-LE-PLAN-DEAU.png","width":2048,"height":847,"caption":"Camping Bel Air Village Le Plan d Eau - Site Officiel - Meilleur Prix Garanti"},"image":{"@id":"http:\/\/camping-angouleme.fr\/de\/#\/schema\/logo\/image\/"}}]}},"_links":{"self":[{"href":"http:\/\/camping-angouleme.fr\/de\/wp-json\/wp\/v2\/pages\/12124","targetHints":{"allow":["GET"]}}],"collection":[{"href":"http:\/\/camping-angouleme.fr\/de\/wp-json\/wp\/v2\/pages"}],"about":[{"href":"http:\/\/camping-angouleme.fr\/de\/wp-json\/wp\/v2\/types\/page"}],"author":[{"embeddable":true,"href":"http:\/\/camping-angouleme.fr\/de\/wp-json\/wp\/v2\/users\/5"}],"replies":[{"embeddable":true,"href":"http:\/\/camping-angouleme.fr\/de\/wp-json\/wp\/v2\/comments?post=12124"}],"version-history":[{"count":1,"href":"http:\/\/camping-angouleme.fr\/de\/wp-json\/wp\/v2\/pages\/12124\/revisions"}],"predecessor-version":[{"id":12125,"href":"http:\/\/camping-angouleme.fr\/de\/wp-json\/wp\/v2\/pages\/12124\/revisions\/12125"}],"wp:featuredmedia":[{"embeddable":true,"href":"http:\/\/camping-angouleme.fr\/de\/wp-json\/wp\/v2\/media\/9887"}],"wp:attachment":[{"href":"http:\/\/camping-angouleme.fr\/de\/wp-json\/wp\/v2\/media?parent=12124"}],"curies":[{"name":"wp","href":"https:\/\/api.w.org\/{rel}","templated":true}]}}